{"id":1204,"date":"2020-06-14T20:47:41","date_gmt":"2020-06-14T20:47:41","guid":{"rendered":"https:\/\/www.cleanandcosy.be\/?page_id=1204"},"modified":"2025-11-11T22:17:09","modified_gmt":"2025-11-11T22:17:09","slug":"les-titres-services","status":"publish","type":"page","link":"https:\/\/www.cleanandcosy.be\/index.php\/les-titres-services\/","title":{"rendered":"Les Titres-Services"},"content":{"rendered":"<p>[et_pb_section fb_built=\u00a0\u00bb1&Prime; _builder_version=\u00a0\u00bb4.0.5&Prime; global_colors_info=\u00a0\u00bb{}\u00a0\u00bb][et_pb_row _builder_version=\u00a0\u00bb4.0.5&Prime; global_colors_info=\u00a0\u00bb{}\u00a0\u00bb][et_pb_column type=\u00a0\u00bb4_4&Prime; _builder_version=\u00a0\u00bb4.0.5&Prime; global_colors_info=\u00a0\u00bb{}\u00a0\u00bb][et_pb_text _builder_version=\u00a0\u00bb4.14.5&Prime; header_text_color=\u00a0\u00bb#3a4451&Prime; global_colors_info=\u00a0\u00bb{}\u00a0\u00bb]<\/p>\n<h1>Les Titres-Services, comment \u00e7a marche ?<\/h1>\n<p>[\/et_pb_text][\/et_pb_column][\/et_pb_row][et_pb_row column_structure=\u00a0\u00bb1_2,1_2&Prime; _builder_version=\u00a0\u00bb4.7.7&Prime; global_colors_info=\u00a0\u00bb{}\u00a0\u00bb][et_pb_column type=\u00a0\u00bb1_2&Prime; _builder_version=\u00a0\u00bb4.0.5&Prime; global_colors_info=\u00a0\u00bb{}\u00a0\u00bb][et_pb_button button_url=\u00a0\u00bb#Inscription\u00a0\u00bb button_text=\u00a0\u00bbR\u00e9servez votre Aide-M\u00e9nager.e\u00a0\u00bb button_alignment=\u00a0\u00bbcenter\u00a0\u00bb module_id=\u00a0\u00bbOpen-ReserverVotreAideMenagere\u00a0\u00bb _builder_version=\u00a0\u00bb4.14.5&Prime; custom_button=\u00a0\u00bbon\u00a0\u00bb button_text_color=\u00a0\u00bb#ffffff\u00a0\u00bb button_bg_color=\u00a0\u00bb#9bc6ad\u00a0\u00bb button_border_color=\u00a0\u00bb#9bc6ad\u00a0\u00bb background_layout=\u00a0\u00bbdark\u00a0\u00bb box_shadow_style=\u00a0\u00bbpreset4&Prime; global_colors_info=\u00a0\u00bb{}\u00a0\u00bb][\/et_pb_button][et_pb_image src=\u00a0\u00bbhttps:\/\/www.cleanandcosy.be\/wp-content\/uploads\/2019\/11\/CLEANCOSY_H_RVB-light-e1572957333431.png\u00a0\u00bb _builder_version=\u00a0\u00bb4.0.5&Prime; global_colors_info=\u00a0\u00bb{}\u00a0\u00bb][\/et_pb_image][et_pb_text _builder_version=\u00a0\u00bb4.14.5&Prime; text_font=\u00a0\u00bb||||||||\u00a0\u00bb text_text_color=\u00a0\u00bb#000000&Prime; text_font_size=\u00a0\u00bb17px\u00a0\u00bb header_font=\u00a0\u00bb||||||||\u00a0\u00bb header_text_color=\u00a0\u00bb#3a4451&Prime; header_font_size=\u00a0\u00bb48px\u00a0\u00bb header_3_text_color=\u00a0\u00bb#dc9055&Prime; header_3_font_size=\u00a0\u00bb26px\u00a0\u00bb link_option_url=\u00a0\u00bbhttps:\/\/www.cleanandcosy.be\/index.php\/les-titres-services\/limite-dachats-de-titres-services\/\u00a0\u00bb hover_enabled=\u00a0\u00bb0&Prime; global_colors_info=\u00a0\u00bb{}\u00a0\u00bb sticky_enabled=\u00a0\u00bb0&Prime;]<\/p>\n<h3>Qu&rsquo;est-ce qu&rsquo;un titre-service ?<\/h3>\n<p>Le titre-service est un titre acquis par un particulier qui repr\u00e9sente une heure de travail d&rsquo;un travailleur \u00e0 son domicile.<\/p>\n<ul>\n<ul>\n<ul>\n<li>Le prix de base d&rsquo;un titre-service est de 10,40 \u20ac.<\/li>\n<li>Vous pouvez acheter au maximum 500 des titres-services dont les prix varient en fonction de la quantit\u00e9 achet\u00e9e. <span style=\"color: #9bc6ad;\">Pour les d\u00e9tails, voir cette page.<\/span><\/li>\n<li>Les 150 premiers titres-services que vous achetez sont fiscalement d\u00e9ductibles \u00e0 concurrence de 10% de leur valeur. Ainsi, en r\u00e9alit\u00e9, votre titre-service Clean &amp; Cosy ne vous co\u00fbte que 9,36 \u20ac.<\/li>\n<li>En outre, votre participation est demand\u00e9e \u00e0 hauteur de 1,50 \u20ac par heure prest\u00e9e uniquement.<\/li>\n<\/ul>\n<\/ul>\n<\/ul>\n<p>[\/et_pb_text][et_pb_image src=\u00a0\u00bbhttps:\/\/www.cleanandcosy.be\/wp-content\/uploads\/2020\/06\/AdobeStock_272800006-scaled.jpeg\u00a0\u00bb _builder_version=\u00a0\u00bb4.0.5&Prime; transform_translate=\u00a0\u00bb-8px|-43px\u00a0\u00bb global_colors_info=\u00a0\u00bb{}\u00a0\u00bb][\/et_pb_image][et_pb_text _builder_version=\u00a0\u00bb4.7.7&Prime; text_text_color=\u00a0\u00bb#3a4451&Prime; text_font_size=\u00a0\u00bb17px\u00a0\u00bb header_3_text_color=\u00a0\u00bb#dc9055&Prime; header_3_font_size=\u00a0\u00bb26px\u00a0\u00bb header_4_text_color=\u00a0\u00bb#9bc6ad\u00a0\u00bb header_4_font_size=\u00a0\u00bb20px\u00a0\u00bb header_5_text_color=\u00a0\u00bb#9bc6ad\u00a0\u00bb global_colors_info=\u00a0\u00bb{}\u00a0\u00bb]<\/p>\n<h3>Dur\u00e9e des prestations<\/h3>\n<p>La dur\u00e9e d&rsquo;une prestation est de minimum 3 heures, maximum 8 heures par jour.<br \/> Vous pouvez commander plusieurs prestations par semaine.<\/p>\n<p>&nbsp;<\/p>\n<p>[\/et_pb_text][\/et_pb_column][et_pb_column type=\u00a0\u00bb1_2&Prime; _builder_version=\u00a0\u00bb4.0.5&Prime; global_colors_info=\u00a0\u00bb{}\u00a0\u00bb][et_pb_text _builder_version=\u00a0\u00bb4.14.5&Prime; text_text_color=\u00a0\u00bb#3a4451&Prime; text_font_size=\u00a0\u00bb17px\u00a0\u00bb header_3_text_color=\u00a0\u00bb#dc9055&Prime; header_3_font_size=\u00a0\u00bb26px\u00a0\u00bb header_4_text_color=\u00a0\u00bb#9bc6ad\u00a0\u00bb header_4_font_size=\u00a0\u00bb20px\u00a0\u00bb header_5_font=\u00a0\u00bbMuseoSans-300||||||||\u00a0\u00bb header_5_text_color=\u00a0\u00bb#9bc6ad\u00a0\u00bb global_colors_info=\u00a0\u00bb{}\u00a0\u00bb]<\/p>\n<h3>Format des titres-services<\/h3>\n<p>Vous pouvez acqu\u00e9rir des titres-services au format papier ou \u00e9lectronique.<\/p>\n<h4>\u00a0\u00a0\u00a0\u00a0Papier<\/h4>\n<p>Apr\u00e8s votre commande, Pluxee vous envoie vos ch\u00e8ques titres-services par la poste. Vous en remettez un par heure de prestation \u00e0 votre Aide-M\u00e9nager\u00b7e.<\/p>\n<p><span>Attention : si vous optez pour le titre-service papier, la responsabilit\u00e9 de la remise du titre vous incombe. Vous devez donc veiller \u00e0 ce qu\u2019il soit remis \u00e0 la consultante g\u00e9rant votre dossier dans la semaine de la prestation de votre Aide-M\u00e9nager\u00b7e.<\/span><\/p>\n<h4>\u00a0\u00a0\u00a0\u00a0Electronique<\/h4>\n<p><strong>Plus facile, plus rapide, plus \u00e9cologique, pas de manipulation, pas de risque de les \u00e9garer, moins de risque d\u2019obsolescence, historique des prestations, etc&#8230; les avantages de l&rsquo;\u00e9lectronique sont nombreux.<\/strong><\/p>\n<p>Apr\u00e8s votre commande, les ch\u00e8ques sont ajout\u00e9s \u00e0 votre portefeuille virtuel. Lorsque votre Aide-M\u00e9nager\u00b7e a termin\u00e9, il ou elle encode ses heures de prestations via son smartphone.<br \/>Ces heures ne seront d\u00e9duites de votre portefeuille que sous r\u00e9serve de votre confirmation&#8230; ou pas.<\/p>\n<h3>Commander des titres-services<\/h3>\n<p>Pour commander des titres-services, vous devez \u00eatre inscrit chez Pluxee. C&rsquo;est gratuit.<br \/>Une fois inscrit, vous recevrez un mail de confirmation contenant vos n\u00b0 d&rsquo;utilisateur et votre mot de passe.<\/p>\n<p>Vous commandez autant de titres-services en une fois que vous souhaitez (minimum 1).<\/p>\n<p>N\u00e9anmoins, il n&rsquo;est pas possible d&rsquo;acheter des titres-services \u00e0 l&rsquo;infini. Vous voulez en savoir plus ? <a href=\"https:\/\/www.cleanandcosy.be\/index.php\/les-titres-services\/limite-dachats-de-titres-services\/?et_fb=1&amp;PageSpeed=off\">Vous trouverez ici les limites autoris\u00e9es.<\/a><\/p>\n<h3>T\u00e2ches autoris\u00e9es, t\u00e2ches interdites<\/h3>\n<h4>T\u00e2ches autoris\u00e9es<\/h4>\n<p><strong>Chez vous, \u00e0 domicile :<\/strong> le nettoyage, la lessive, le repassage, les petits travaux de couture, la pr\u00e9paration des repas.<br \/><strong>Hors domicile :<\/strong> le repassage, les courses m\u00e9nag\u00e8res, le transport accompagn\u00e9 de personnes \u00e0 mobilit\u00e9 r\u00e9duite.<\/p>\n<h4>Exemples de t\u00e2ches interdites<\/h4>\n<p><b>Liste non exhaustive :<\/b> jardinage, lavage de voiture, peinture, tapissage, \u00e9lectricit\u00e9, plomberie, nettoyage de parties professionnelles, nettoyage des communs d&rsquo;un immeuble, s&rsquo;occuper des animaux, de leurs accessoires ou d\u00e9jections, (liti\u00e8re, excr\u00e9ments, vomissures, etc&#8230;)&#8230;<\/p>\n<p>[\/et_pb_text][et_pb_button button_url=\u00a0\u00bbhttps:\/\/titres-services.wallonie.be\/citoyen\/information\/documents-formulaires\/electronique\u00a0\u00bb url_new_window=\u00a0\u00bbon\u00a0\u00bb button_text=\u00a0\u00bbS&rsquo;inscrire chez Pluxee\u00a0\u00bb button_alignment=\u00a0\u00bbcenter\u00a0\u00bb _builder_version=\u00a0\u00bb4.14.5&Prime; custom_button=\u00a0\u00bbon\u00a0\u00bb button_text_color=\u00a0\u00bb#ffffff\u00a0\u00bb button_bg_color=\u00a0\u00bb#9bc6ad\u00a0\u00bb button_border_color=\u00a0\u00bb#9bc6ad\u00a0\u00bb transform_translate=\u00a0\u00bb3px|0px\u00a0\u00bb box_shadow_style=\u00a0\u00bbpreset4&Prime; global_colors_info=\u00a0\u00bb{}\u00a0\u00bb][\/et_pb_button][\/et_pb_column][\/et_pb_row][et_pb_row module_id=\u00a0\u00bbInscription\u00a0\u00bb _builder_version=\u00a0\u00bb4.0.5&Prime; background_color=\u00a0\u00bb#9bc6ad\u00a0\u00bb border_width_all=\u00a0\u00bb30px\u00a0\u00bb border_color_all=\u00a0\u00bb#9bc6ad\u00a0\u00bb global_colors_info=\u00a0\u00bb{}\u00a0\u00bb][et_pb_column type=\u00a0\u00bb4_4&Prime; _builder_version=\u00a0\u00bb4.0.5&Prime; global_colors_info=\u00a0\u00bb{}\u00a0\u00bb][et_pb_contact_form captcha=\u00a0\u00bboff\u00a0\u00bb email=\u00a0\u00bbhenri@cleaandcosy.be\u00a0\u00bb title=\u00a0\u00bbR\u00e9servez votre Aide-M\u00e9nager.e\u00a0\u00bb custom_message=\u00a0\u00bbPage %22Les Titres-Services%22||et_pb_line_break_holder||||et_pb_line_break_holder||Pr\u00e9nom : %%Prenom%%||et_pb_line_break_holder||Nom : %%Nom%%||et_pb_line_break_holder||Code Postal : %%CodePostal%%||et_pb_line_break_holder||Localit\u00e9 : %%localite%%||et_pb_line_break_holder||GSM : %%gsm%%||et_pb_line_break_holder||Email : %%email%%||et_pb_line_break_holder||Message : %%Message%%||et_pb_line_break_holder||\u00a0\u00bb success_message=\u00a0\u00bbVotre message nous est bien parvenu, nous vous rappelons dans les plus brefs d\u00e9lais.\u00a0\u00bb _builder_version=\u00a0\u00bb4.14.5&Prime; _unique_id=\u00a0\u00bb7f529389-9a54-408e-a0f6-cc75b459f206&Prime; custom_button=\u00a0\u00bbon\u00a0\u00bb button_text_color=\u00a0\u00bb#ffffff\u00a0\u00bb button_bg_color=\u00a0\u00bb#3a4451&Prime; link_option_url=\u00a0\u00bbInscription\u00a0\u00bb global_colors_info=\u00a0\u00bb{}\u00a0\u00bb][et_pb_contact_field field_id=\u00a0\u00bbPr\u00e9nom\u00a0\u00bb field_title=\u00a0\u00bbPr\u00e9nom*\u00a0\u00bb _builder_version=\u00a0\u00bb4.0.5&Prime; global_colors_info=\u00a0\u00bb{}\u00a0\u00bb button_text_size__hover_enabled=\u00a0\u00bboff\u00a0\u00bb button_one_text_size__hover_enabled=\u00a0\u00bboff\u00a0\u00bb button_two_text_size__hover_enabled=\u00a0\u00bboff\u00a0\u00bb button_text_color__hover_enabled=\u00a0\u00bboff\u00a0\u00bb button_one_text_color__hover_enabled=\u00a0\u00bboff\u00a0\u00bb button_two_text_color__hover_enabled=\u00a0\u00bboff\u00a0\u00bb button_border_width__hover_enabled=\u00a0\u00bboff\u00a0\u00bb button_one_border_width__hover_enabled=\u00a0\u00bboff\u00a0\u00bb button_two_border_width__hover_enabled=\u00a0\u00bboff\u00a0\u00bb button_border_color__hover_enabled=\u00a0\u00bboff\u00a0\u00bb button_one_border_color__hover_enabled=\u00a0\u00bboff\u00a0\u00bb button_two_border_color__hover_enabled=\u00a0\u00bboff\u00a0\u00bb button_border_radius__hover_enabled=\u00a0\u00bboff\u00a0\u00bb button_one_border_radius__hover_enabled=\u00a0\u00bboff\u00a0\u00bb button_two_border_radius__hover_enabled=\u00a0\u00bboff\u00a0\u00bb button_letter_spacing__hover_enabled=\u00a0\u00bboff\u00a0\u00bb button_one_letter_spacing__hover_enabled=\u00a0\u00bboff\u00a0\u00bb button_two_letter_spacing__hover_enabled=\u00a0\u00bboff\u00a0\u00bb button_bg_color__hover_enabled=\u00a0\u00bboff\u00a0\u00bb button_one_bg_color__hover_enabled=\u00a0\u00bboff\u00a0\u00bb button_two_bg_color__hover_enabled=\u00a0\u00bboff\u00a0\u00bb][\/et_pb_contact_field][et_pb_contact_field field_id=\u00a0\u00bbNom\u00a0\u00bb field_title=\u00a0\u00bbNom*\u00a0\u00bb _builder_version=\u00a0\u00bb4.0.5&Prime; global_colors_info=\u00a0\u00bb{}\u00a0\u00bb button_text_size__hover_enabled=\u00a0\u00bboff\u00a0\u00bb button_one_text_size__hover_enabled=\u00a0\u00bboff\u00a0\u00bb button_two_text_size__hover_enabled=\u00a0\u00bboff\u00a0\u00bb button_text_color__hover_enabled=\u00a0\u00bboff\u00a0\u00bb button_one_text_color__hover_enabled=\u00a0\u00bboff\u00a0\u00bb button_two_text_color__hover_enabled=\u00a0\u00bboff\u00a0\u00bb button_border_width__hover_enabled=\u00a0\u00bboff\u00a0\u00bb button_one_border_width__hover_enabled=\u00a0\u00bboff\u00a0\u00bb button_two_border_width__hover_enabled=\u00a0\u00bboff\u00a0\u00bb button_border_color__hover_enabled=\u00a0\u00bboff\u00a0\u00bb button_one_border_color__hover_enabled=\u00a0\u00bboff\u00a0\u00bb button_two_border_color__hover_enabled=\u00a0\u00bboff\u00a0\u00bb button_border_radius__hover_enabled=\u00a0\u00bboff\u00a0\u00bb button_one_border_radius__hover_enabled=\u00a0\u00bboff\u00a0\u00bb button_two_border_radius__hover_enabled=\u00a0\u00bboff\u00a0\u00bb button_letter_spacing__hover_enabled=\u00a0\u00bboff\u00a0\u00bb button_one_letter_spacing__hover_enabled=\u00a0\u00bboff\u00a0\u00bb button_two_letter_spacing__hover_enabled=\u00a0\u00bboff\u00a0\u00bb button_bg_color__hover_enabled=\u00a0\u00bboff\u00a0\u00bb button_one_bg_color__hover_enabled=\u00a0\u00bboff\u00a0\u00bb button_two_bg_color__hover_enabled=\u00a0\u00bboff\u00a0\u00bb][\/et_pb_contact_field][et_pb_contact_field field_id=\u00a0\u00bbCodePostal\u00a0\u00bb field_title=\u00a0\u00bbCode Postal*\u00a0\u00bb _builder_version=\u00a0\u00bb4.0.5&Prime; global_colors_info=\u00a0\u00bb{}\u00a0\u00bb][\/et_pb_contact_field][et_pb_contact_field field_id=\u00a0\u00bbLocalite\u00a0\u00bb field_title=\u00a0\u00bbLocalit\u00e9*\u00a0\u00bb _builder_version=\u00a0\u00bb4.0.5&Prime; global_colors_info=\u00a0\u00bb{}\u00a0\u00bb][\/et_pb_contact_field][et_pb_contact_field field_id=\u00a0\u00bbGSM\u00a0\u00bb field_title=\u00a0\u00bbT\u00e9l\/Gsm*\u00a0\u00bb _builder_version=\u00a0\u00bb4.0.5&Prime; global_colors_info=\u00a0\u00bb{}\u00a0\u00bb][\/et_pb_contact_field][et_pb_contact_field field_id=\u00a0\u00bbEmail\u00a0\u00bb field_title=\u00a0\u00bbAdresse e-mail*\u00a0\u00bb field_type=\u00a0\u00bbemail\u00a0\u00bb _builder_version=\u00a0\u00bb4.0.5&Prime; global_colors_info=\u00a0\u00bb{}\u00a0\u00bb][\/et_pb_contact_field][et_pb_contact_field field_id=\u00a0\u00bbMessage\u00a0\u00bb field_title=\u00a0\u00bbMessage\u00a0\u00bb field_type=\u00a0\u00bbtext\u00a0\u00bb required_mark=\u00a0\u00bboff\u00a0\u00bb fullwidth_field=\u00a0\u00bbon\u00a0\u00bb _builder_version=\u00a0\u00bb4.0.5&Prime; global_colors_info=\u00a0\u00bb{}\u00a0\u00bb button_text_size__hover_enabled=\u00a0\u00bboff\u00a0\u00bb button_one_text_size__hover_enabled=\u00a0\u00bboff\u00a0\u00bb button_two_text_size__hover_enabled=\u00a0\u00bboff\u00a0\u00bb button_text_color__hover_enabled=\u00a0\u00bboff\u00a0\u00bb button_one_text_color__hover_enabled=\u00a0\u00bboff\u00a0\u00bb button_two_text_color__hover_enabled=\u00a0\u00bboff\u00a0\u00bb button_border_width__hover_enabled=\u00a0\u00bboff\u00a0\u00bb button_one_border_width__hover_enabled=\u00a0\u00bboff\u00a0\u00bb button_two_border_width__hover_enabled=\u00a0\u00bboff\u00a0\u00bb button_border_color__hover_enabled=\u00a0\u00bboff\u00a0\u00bb button_one_border_color__hover_enabled=\u00a0\u00bboff\u00a0\u00bb button_two_border_color__hover_enabled=\u00a0\u00bboff\u00a0\u00bb button_border_radius__hover_enabled=\u00a0\u00bboff\u00a0\u00bb button_one_border_radius__hover_enabled=\u00a0\u00bboff\u00a0\u00bb button_two_border_radius__hover_enabled=\u00a0\u00bboff\u00a0\u00bb button_letter_spacing__hover_enabled=\u00a0\u00bboff\u00a0\u00bb button_one_letter_spacing__hover_enabled=\u00a0\u00bboff\u00a0\u00bb button_two_letter_spacing__hover_enabled=\u00a0\u00bboff\u00a0\u00bb button_bg_color__hover_enabled=\u00a0\u00bboff\u00a0\u00bb button_one_bg_color__hover_enabled=\u00a0\u00bboff\u00a0\u00bb button_two_bg_color__hover_enabled=\u00a0\u00bboff\u00a0\u00bb][\/et_pb_contact_field][\/et_pb_contact_form][\/et_pb_column][\/et_pb_row][et_pb_row column_structure=\u00a0\u00bb1_2,1_2&Prime; _builder_version=\u00a0\u00bb4.0.5&Prime; global_colors_info=\u00a0\u00bb{}\u00a0\u00bb][et_pb_column type=\u00a0\u00bb1_2&Prime; _builder_version=\u00a0\u00bb4.0.5&Prime; global_colors_info=\u00a0\u00bb{}\u00a0\u00bb][et_pb_image src=\u00a0\u00bbhttps:\/\/www.cleanandcosy.be\/wp-content\/uploads\/2024\/01\/Logo-Pluxee-Titres-Services-166&#215;160-sans-fond.png\u00a0\u00bb title_text=\u00a0\u00bbLogo Pluxee Titres-Services &#8211; 166&#215;160 &#8211; sans fond\u00a0\u00bb url=\u00a0\u00bbhttps:\/\/titres-services.wallonie.be\/\u00a0\u00bb url_new_window=\u00a0\u00bbon\u00a0\u00bb align=\u00a0\u00bbcenter\u00a0\u00bb _builder_version=\u00a0\u00bb4.14.5&Prime; global_colors_info=\u00a0\u00bb{}\u00a0\u00bb][\/et_pb_image][\/et_pb_column][et_pb_column type=\u00a0\u00bb1_2&Prime; _builder_version=\u00a0\u00bb4.0.5&Prime; global_colors_info=\u00a0\u00bb{}\u00a0\u00bb][et_pb_image src=\u00a0\u00bbhttps:\/\/www.cleanandcosy.be\/wp-content\/uploads\/2020\/06\/Forem-coq-rouge.png\u00a0\u00bb title_text=\u00a0\u00bbForem + coq rouge\u00a0\u00bb url=\u00a0\u00bbhttps:\/\/www.leforem.be\/\u00a0\u00bb url_new_window=\u00a0\u00bbon\u00a0\u00bb _builder_version=\u00a0\u00bb4.14.5&Prime; _module_preset=\u00a0\u00bbdefault\u00a0\u00bb global_colors_info=\u00a0\u00bb{}\u00a0\u00bb][\/et_pb_image][\/et_pb_column][\/et_pb_row][\/et_pb_section]<\/p>\n","protected":false},"excerpt":{"rendered":"<p>Les Titres-Services, comment \u00e7a marche ?Qu&rsquo;est-ce qu&rsquo;un titre-service ? Le titre-service est un titre acquis par un particulier qui repr\u00e9sente une heure de travail d&rsquo;un travailleur \u00e0 son domicile. Le prix de base d&rsquo;un titre-service est de 10,40 \u20ac. Vous pouvez acheter au maximum 500 des titres-services dont les prix varient en fonction de la [&hellip;]<\/p>\n","protected":false},"author":1,"featured_media":0,"parent":0,"menu_order":0,"comment_status":"closed","ping_status":"closed","template":"","meta":{"_et_pb_use_builder":"on","_et_pb_old_content":"","_et_gb_content_width":"","footnotes":""},"class_list":["post-1204","page","type-page","status-publish","hentry"],"_links":{"self":[{"href":"https:\/\/www.cleanandcosy.be\/index.php\/wp-json\/wp\/v2\/pages\/1204","targetHints":{"allow":["GET"]}}],"collection":[{"href":"https:\/\/www.cleanandcosy.be\/index.php\/wp-json\/wp\/v2\/pages"}],"about":[{"href":"https:\/\/www.cleanandcosy.be\/index.php\/wp-json\/wp\/v2\/types\/page"}],"author":[{"embeddable":true,"href":"https:\/\/www.cleanandcosy.be\/index.php\/wp-json\/wp\/v2\/users\/1"}],"replies":[{"embeddable":true,"href":"https:\/\/www.cleanandcosy.be\/index.php\/wp-json\/wp\/v2\/comments?post=1204"}],"version-history":[{"count":76,"href":"https:\/\/www.cleanandcosy.be\/index.php\/wp-json\/wp\/v2\/pages\/1204\/revisions"}],"predecessor-version":[{"id":2488,"href":"https:\/\/www.cleanandcosy.be\/index.php\/wp-json\/wp\/v2\/pages\/1204\/revisions\/2488"}],"wp:attachment":[{"href":"https:\/\/www.cleanandcosy.be\/index.php\/wp-json\/wp\/v2\/media?parent=1204"}],"curies":[{"name":"wp","href":"https:\/\/api.w.org\/{rel}","templated":true}]}}